{"id":150,"date":"2012-12-05T16:58:46","date_gmt":"2012-12-05T15:58:46","guid":{"rendered":"http:\/\/motivacion.umh.es\/i-seminario-cientifico-tecnico-de-deporte-y-motivacion\/"},"modified":"2012-12-05T16:59:05","modified_gmt":"2012-12-05T15:59:05","slug":"i-seminario-cientifico-tecnico-de-deporte-y-motivacion","status":"publish","type":"page","link":"https:\/\/motivacion.umh.es\/ca\/actividades-cientifico-tecnicas\/i-seminario-cientifico-tecnico-de-deporte-y-motivacion\/","title":{"rendered":"<span lang=\"es\">(Espa\u00f1ol) I Seminario Cient\u00edfico-t\u00e9cnico de deporte y motivaci\u00f3n<\/span>"},"content":{"rendered":"","protected":false},"excerpt":{"rendered":"","protected":false},"author":37,"featured_media":0,"parent":8,"menu_order":1,"comment_status":"closed","ping_status":"open","template":"","meta":{"_links_to":"","_links_to_target":""},"_links":{"self":[{"href":"https:\/\/motivacion.umh.es\/ca\/wp-json\/wp\/v2\/pages\/150"}],"collection":[{"href":"https:\/\/motivacion.umh.es\/ca\/wp-json\/wp\/v2\/pages"}],"about":[{"href":"https:\/\/motivacion.umh.es\/ca\/wp-json\/wp\/v2\/types\/page"}],"author":[{"embeddable":true,"href":"https:\/\/motivacion.umh.es\/ca\/wp-json\/wp\/v2\/users\/37"}],"replies":[{"embeddable":true,"href":"https:\/\/motivacion.umh.es\/ca\/wp-json\/wp\/v2\/comments?post=150"}],"version-history":[{"count":0,"href":"https:\/\/motivacion.umh.es\/ca\/wp-json\/wp\/v2\/pages\/150\/revisions"}],"up":[{"embeddable":true,"href":"https:\/\/motivacion.umh.es\/ca\/wp-json\/wp\/v2\/pages\/8"}],"wp:attachment":[{"href":"https:\/\/motivacion.umh.es\/ca\/wp-json\/wp\/v2\/media?parent=150"}],"curies":[{"name":"wp","href":"https:\/\/api.w.org\/{rel}","templated":true}]}}